{"id":11,"date":"2023-06-26T06:28:59","date_gmt":"2023-06-26T06:28:59","guid":{"rendered":"http:\/\/www.adartis.de\/?page_id=11"},"modified":"2023-06-26T06:39:29","modified_gmt":"2023-06-26T06:39:29","slug":"aboute-us","status":"publish","type":"page","link":"https:\/\/www.adartis.de\/?page_id=11","title":{"rendered":"\u00dcber uns"},"content":{"rendered":"\n<p>adARTIS hat eine lange Geschichte im Bereich Netzwerke und Systemintegration.<\/p>\n\n\n\n<p>Schon 1991 waren wir im Bereich Netzwerke unterwegs. Mit Aufkommen der PCs spezialisierten wir uns auf die TCP\/IP Vernetzung von PCs und UNIX. Um 1995 waren wir das f\u00fchrende Systemhaus in Deutschland im Bereich UNIX basierende Serverl\u00f6sungen f\u00fcr PCs und Macs.<\/p>\n\n\n\n<p>Um das Jahr 2000 spezialisierten wir uns auf den Bereich Lotus Notes und dann ab ca. 2005 auf Unix-basierte Server l\u00f6sungen zur E-Mail Verschl\u00fcsselung.<\/p>\n\n\n\n<p>Ab 2002 war einer unserer Schwerpunkte zudem der WebSphere Application Server und wir betreuten eine Reihe von WAS L\u00f6sungen f\u00fcr diverse Kunden.<\/p>\n\n\n\n<p>Ab 2012 sind wir im Bereich OpenStack Cloud L\u00f6sungen engagiert und darin heute eines der f\u00fchrenden Systemh\u00e4user Deutschlands, mit OpenStack KnowHow in mehreren OpenStack Distributionen und einer Reihe von Plattformen.<\/p>\n\n\n\n<p>Zusammen mit der Firma BULL entwickeln wir OpenStack L\u00f6sungen f\u00fcr deren Bullion Server.<\/p>\n\n\n\n<p>Seit Mitte der 90er Jahre sind wir zudem Partner der Firmen Sun und IBM<\/p>\n","protected":false},"excerpt":{"rendered":"<p>adARTIS hat eine lange Geschichte im Bereich Netzwerke und Systemintegration. Schon 1991 waren wir im [&hellip;]<\/p>\n","protected":false},"author":1,"featured_media":0,"parent":0,"menu_order":0,"comment_status":"closed","ping_status":"closed","template":"","meta":{"footnotes":""},"class_list":["post-11","page","type-page","status-publish","hentry"],"_links":{"self":[{"href":"https:\/\/www.adartis.de\/index.php?rest_route=\/wp\/v2\/pages\/11","targetHints":{"allow":["GET"]}}],"collection":[{"href":"https:\/\/www.adartis.de\/index.php?rest_route=\/wp\/v2\/pages"}],"about":[{"href":"https:\/\/www.adartis.de\/index.php?rest_route=\/wp\/v2\/types\/page"}],"author":[{"embeddable":true,"href":"https:\/\/www.adartis.de\/index.php?rest_route=\/wp\/v2\/users\/1"}],"replies":[{"embeddable":true,"href":"https:\/\/www.adartis.de\/index.php?rest_route=%2Fwp%2Fv2%2Fcomments&post=11"}],"version-history":[{"count":2,"href":"https:\/\/www.adartis.de\/index.php?rest_route=\/wp\/v2\/pages\/11\/revisions"}],"predecessor-version":[{"id":19,"href":"https:\/\/www.adartis.de\/index.php?rest_route=\/wp\/v2\/pages\/11\/revisions\/19"}],"wp:attachment":[{"href":"https:\/\/www.adartis.de\/index.php?rest_route=%2Fwp%2Fv2%2Fmedia&parent=11"}],"curies":[{"name":"wp","href":"https:\/\/api.w.org\/{rel}","templated":true}]}}