{"id":233,"date":"2023-06-29T13:10:57","date_gmt":"2023-06-29T13:10:57","guid":{"rendered":"http:\/\/www.adartis.de\/?page_id=233"},"modified":"2023-06-29T13:47:29","modified_gmt":"2023-06-29T13:47:29","slug":"cloud-architektur","status":"publish","type":"page","link":"https:\/\/www.adartis.de\/?page_id=233","title":{"rendered":"Cloud Architektur"},"content":{"rendered":"\n<p>Der erste und zugleich wichtigste Schritt bei der Erstellung einer Cloud-basierten L\u00f6sung ist die Cloud Architektur.<\/p>\n\n\n\n<p>Hier m\u00fcssen s\u00e4mtliche Randbedingungen ber\u00fccksichtigt und in das Design einbezogen werden:<\/p>\n\n\n\n<p>Soll die Cloud vor allem Compute- oder Storage-Ressourcen bereitstellen? Oder beides?<br>Welche Hypervisoren sollen von der Cloudl\u00f6sung bereitgestellt werden?<br>Welche Storagel\u00f6sungen mit welcher Hochverf\u00fcgbarkeit?<br>Soll die Cloud lokal, \u00fcber mehrere Brand abschnitte, H\u00e4user oder sogar Lokationen verteilt werden?<br>Was ist die Startskalierung?<br>Was ist die Zielskalierung?<br>Welche Plattformen sollen unterst\u00fctzt werden?<br>Usw.<br>Wir kl\u00e4ren alle diese Randbedigungen in einem oder mehreren Workshops mit unseren Kunden und erstellen daraus ein Design das mit dem Kunden abgestimmt wird.<\/p>\n\n\n\n<p>Wir haben schon f\u00fcr eine Reihe von Kunden Cloud Architekturen sowohl f\u00fcr public Clouds (sowohl AWS als auch Azure und GCP) als auch private Clouds (OpenStack oder Kubernetes bare-metal) designed.&nbsp;<\/p>\n\n\n\n<p>Gerne machen wir Ihnen ein Angebot und beraten Sie was f\u00fcr Ihren Anwendungsfall das beste ist.<\/p>\n\n\n\n<p>Kontaktieren Sie uns per E-Mail und erfahren Sie mehr ! \u00a0E-Mail: bmueller@adartis.de<\/p>\n","protected":false},"excerpt":{"rendered":"<p>Der erste und zugleich wichtigste Schritt bei der Erstellung einer Cloud-basierten L\u00f6sung ist die Cloud [&hellip;]<\/p>\n","protected":false},"author":1,"featured_media":0,"parent":0,"menu_order":0,"comment_status":"closed","ping_status":"closed","template":"","meta":{"footnotes":""},"class_list":["post-233","page","type-page","status-publish","hentry"],"_links":{"self":[{"href":"https:\/\/www.adartis.de\/index.php?rest_route=\/wp\/v2\/pages\/233","targetHints":{"allow":["GET"]}}],"collection":[{"href":"https:\/\/www.adartis.de\/index.php?rest_route=\/wp\/v2\/pages"}],"about":[{"href":"https:\/\/www.adartis.de\/index.php?rest_route=\/wp\/v2\/types\/page"}],"author":[{"embeddable":true,"href":"https:\/\/www.adartis.de\/index.php?rest_route=\/wp\/v2\/users\/1"}],"replies":[{"embeddable":true,"href":"https:\/\/www.adartis.de\/index.php?rest_route=%2Fwp%2Fv2%2Fcomments&post=233"}],"version-history":[{"count":2,"href":"https:\/\/www.adartis.de\/index.php?rest_route=\/wp\/v2\/pages\/233\/revisions"}],"predecessor-version":[{"id":259,"href":"https:\/\/www.adartis.de\/index.php?rest_route=\/wp\/v2\/pages\/233\/revisions\/259"}],"wp:attachment":[{"href":"https:\/\/www.adartis.de\/index.php?rest_route=%2Fwp%2Fv2%2Fmedia&parent=233"}],"curies":[{"name":"wp","href":"https:\/\/api.w.org\/{rel}","templated":true}]}}