{"id":235,"date":"2023-06-29T13:11:19","date_gmt":"2023-06-29T13:11:19","guid":{"rendered":"http:\/\/www.adartis.de\/?page_id=235"},"modified":"2023-06-29T13:47:58","modified_gmt":"2023-06-29T13:47:58","slug":"cloud-installation","status":"publish","type":"page","link":"https:\/\/www.adartis.de\/?page_id=235","title":{"rendered":"Cloud Installation"},"content":{"rendered":"\n<p>Nachdem im ersten Schritt die Architektur der Cloud bestimmt wurde erfolgt im zweiten dann die Cloud Installation.<\/p>\n\n\n\n<p>Hier unterst\u00fctzen wir unseren Kunden im Falle einer private Cloud schon bei der Auswahl der Hardware, Netzwerkinfrastruktur, Verteilung der Komponenten, usw.<\/p>\n\n\n\n<p>Ebenso unterst\u00fctzen wir Sie im aufsetzen einer public Cloud L\u00f6sung und erstellen Ihnen Ihre Cloud schl\u00fcsselfertig unter AWS, Azure und GCP. Und nat\u00fcrlich binden wir Ihre Cloud auch mittels VPN- oder MPLS-L\u00f6sungen an Ihr inhouse Rechenzentrum an.<\/p>\n\n\n\n<p>Wir begleiten die Installation und die Integration der Cloud in die bestehende Infrastruktur des Kunden. Dazu geh\u00f6ren z.B. bestehende Mechanismen wie bare-metal Installation, IP-Adressen Vergabe und andere infrastrukturelle Vorbedingungen.<\/p>\n\n\n\n<p>Kontaktieren Sie uns per E-Mail und erfahren Sie mehr ! \u00a0E-Mail: bmueller@adartis.de<\/p>\n","protected":false},"excerpt":{"rendered":"<p>Nachdem im ersten Schritt die Architektur der Cloud bestimmt wurde erfolgt im zweiten dann die [&hellip;]<\/p>\n","protected":false},"author":1,"featured_media":0,"parent":0,"menu_order":0,"comment_status":"closed","ping_status":"closed","template":"","meta":{"footnotes":""},"class_list":["post-235","page","type-page","status-publish","hentry"],"_links":{"self":[{"href":"https:\/\/www.adartis.de\/index.php?rest_route=\/wp\/v2\/pages\/235","targetHints":{"allow":["GET"]}}],"collection":[{"href":"https:\/\/www.adartis.de\/index.php?rest_route=\/wp\/v2\/pages"}],"about":[{"href":"https:\/\/www.adartis.de\/index.php?rest_route=\/wp\/v2\/types\/page"}],"author":[{"embeddable":true,"href":"https:\/\/www.adartis.de\/index.php?rest_route=\/wp\/v2\/users\/1"}],"replies":[{"embeddable":true,"href":"https:\/\/www.adartis.de\/index.php?rest_route=%2Fwp%2Fv2%2Fcomments&post=235"}],"version-history":[{"count":2,"href":"https:\/\/www.adartis.de\/index.php?rest_route=\/wp\/v2\/pages\/235\/revisions"}],"predecessor-version":[{"id":261,"href":"https:\/\/www.adartis.de\/index.php?rest_route=\/wp\/v2\/pages\/235\/revisions\/261"}],"wp:attachment":[{"href":"https:\/\/www.adartis.de\/index.php?rest_route=%2Fwp%2Fv2%2Fmedia&parent=235"}],"curies":[{"name":"wp","href":"https:\/\/api.w.org\/{rel}","templated":true}]}}