{"id":237,"date":"2023-06-29T13:11:45","date_gmt":"2023-06-29T13:11:45","guid":{"rendered":"http:\/\/www.adartis.de\/?page_id=237"},"modified":"2023-06-29T13:48:39","modified_gmt":"2023-06-29T13:48:39","slug":"cloud-wartung","status":"publish","type":"page","link":"https:\/\/www.adartis.de\/?page_id=237","title":{"rendered":"Cloud Wartung"},"content":{"rendered":"\n<p>Auch nach der Installation Ihrer Cloud lassen wir Sie nicht all ein!<\/p>\n\n\n\n<p>Unsere Cloud Wartung ist eine Dienstleistung die die ununterbrochene Verf\u00fcgbarkeit Ihrer Cloud garantiert. So implementieren wir f\u00fcr Sie Mess- und Auswertungsmechanismen die die Cloud beobachten und eventuelles Fehlverhalten schon fr\u00fch diagnostizieren.<\/p>\n\n\n\n<p>Weiterhin stellen wir die jeweils aktuellste Cloudsoftware durch Migrationen sicher. OpenStack macht all e sechs Monate einen Versionssprung und somit sind Migrationsszenarien wichtig.<\/p>\n\n\n\n<p>Kontaktieren Sie uns per E-Mail und erfahren Sie mehr ! \u00a0E-Mail:bmueller@adartis.de<\/p>\n","protected":false},"excerpt":{"rendered":"<p>Auch nach der Installation Ihrer Cloud lassen wir Sie nicht all ein! Unsere Cloud Wartung [&hellip;]<\/p>\n","protected":false},"author":1,"featured_media":0,"parent":0,"menu_order":0,"comment_status":"closed","ping_status":"closed","template":"","meta":{"footnotes":""},"class_list":["post-237","page","type-page","status-publish","hentry"],"_links":{"self":[{"href":"https:\/\/www.adartis.de\/index.php?rest_route=\/wp\/v2\/pages\/237","targetHints":{"allow":["GET"]}}],"collection":[{"href":"https:\/\/www.adartis.de\/index.php?rest_route=\/wp\/v2\/pages"}],"about":[{"href":"https:\/\/www.adartis.de\/index.php?rest_route=\/wp\/v2\/types\/page"}],"author":[{"embeddable":true,"href":"https:\/\/www.adartis.de\/index.php?rest_route=\/wp\/v2\/users\/1"}],"replies":[{"embeddable":true,"href":"https:\/\/www.adartis.de\/index.php?rest_route=%2Fwp%2Fv2%2Fcomments&post=237"}],"version-history":[{"count":2,"href":"https:\/\/www.adartis.de\/index.php?rest_route=\/wp\/v2\/pages\/237\/revisions"}],"predecessor-version":[{"id":263,"href":"https:\/\/www.adartis.de\/index.php?rest_route=\/wp\/v2\/pages\/237\/revisions\/263"}],"wp:attachment":[{"href":"https:\/\/www.adartis.de\/index.php?rest_route=%2Fwp%2Fv2%2Fmedia&parent=237"}],"curies":[{"name":"wp","href":"https:\/\/api.w.org\/{rel}","templated":true}]}}