{"id":241,"date":"2023-06-29T13:12:40","date_gmt":"2023-06-29T13:12:40","guid":{"rendered":"http:\/\/www.adartis.de\/?page_id=241"},"modified":"2023-06-29T13:47:45","modified_gmt":"2023-06-29T13:47:45","slug":"cloud-consulting","status":"publish","type":"page","link":"https:\/\/www.adartis.de\/?page_id=241","title":{"rendered":"Cloud Consulting"},"content":{"rendered":"\n<p><strong>Unsere Cloud Consultants unterst\u00fctzen Ihre Projekte<\/strong><\/p>\n\n\n\n<p>adARTIS besch\u00e4ftigt eine Reihe von Cloud Consultants in den Bereichen:<\/p>\n\n\n\n<p>Cloud Architektur<br>Cloud Engineering<br>Kubernetes Architektur<br>Kubernetes Betrieb<br>DevOps und CI\/CD Engineering<br>Sprechen Sie mit uns! Wir k\u00f6nnen Ihnen binnen kurzer Zeit einen unser er top-ausgebildeten Consultants f\u00fcr Ihre Projekte zur Verf\u00fcgung stellen!<\/p>\n\n\n\n<p>Kontaktieren Sie uns per E-Mail und erfahren Sie mehr ! \u00a0E-Mail: bmueller@adartis.de<\/p>\n","protected":false},"excerpt":{"rendered":"<p>Unsere Cloud Consultants unterst\u00fctzen Ihre Projekte adARTIS besch\u00e4ftigt eine Reihe von Cloud Consultants in den [&hellip;]<\/p>\n","protected":false},"author":1,"featured_media":0,"parent":0,"menu_order":0,"comment_status":"closed","ping_status":"closed","template":"","meta":{"footnotes":""},"class_list":["post-241","page","type-page","status-publish","hentry"],"_links":{"self":[{"href":"https:\/\/www.adartis.de\/index.php?rest_route=\/wp\/v2\/pages\/241","targetHints":{"allow":["GET"]}}],"collection":[{"href":"https:\/\/www.adartis.de\/index.php?rest_route=\/wp\/v2\/pages"}],"about":[{"href":"https:\/\/www.adartis.de\/index.php?rest_route=\/wp\/v2\/types\/page"}],"author":[{"embeddable":true,"href":"https:\/\/www.adartis.de\/index.php?rest_route=\/wp\/v2\/users\/1"}],"replies":[{"embeddable":true,"href":"https:\/\/www.adartis.de\/index.php?rest_route=%2Fwp%2Fv2%2Fcomments&post=241"}],"version-history":[{"count":2,"href":"https:\/\/www.adartis.de\/index.php?rest_route=\/wp\/v2\/pages\/241\/revisions"}],"predecessor-version":[{"id":260,"href":"https:\/\/www.adartis.de\/index.php?rest_route=\/wp\/v2\/pages\/241\/revisions\/260"}],"wp:attachment":[{"href":"https:\/\/www.adartis.de\/index.php?rest_route=%2Fwp%2Fv2%2Fmedia&parent=241"}],"curies":[{"name":"wp","href":"https:\/\/api.w.org\/{rel}","templated":true}]}}