{"id":248,"date":"2023-06-29T13:18:38","date_gmt":"2023-06-29T13:18:38","guid":{"rendered":"http:\/\/www.adartis.de\/?page_id=248"},"modified":"2023-06-29T13:18:38","modified_gmt":"2023-06-29T13:18:38","slug":"private-cloud-2","status":"publish","type":"page","link":"https:\/\/www.adartis.de\/?page_id=248","title":{"rendered":"Private Cloud"},"content":{"rendered":"\n<p>Eine private Cloud ist eine Cloudinstallation im eigenen Rechenzentrum auf die lokal zugegriffen wird. adARTIS realisiert f\u00fcr Sie eine private Cloud auf Basis der OpenStack Technlogie und Ihren Vorgaben.<\/p>\n\n\n\n<p>Im ersten Schritt bestimmen wir mit Ihnen zusammen im Rahmen eines Workshops die Randbedingungen Ihrer private Cloud. Was soll diese f\u00fcr Sie leisten?<\/p>\n\n\n\n<ol class=\"wp-block-list\">\n<li>Wie sieht die Start- und Endskalierung aus?<\/li>\n\n\n\n<li>Bei einer Compute-Cloud, welche Hypervisoren sollen ver wendet werden?<\/li>\n\n\n\n<li>Bei einer Storage-Cloud, wie gro\u00df sollen Block- und Objektspeicher werden?<\/li>\n\n\n\n<li>Welche Hochverf\u00fcgbarkeit ist gefordert?<\/li>\n\n\n\n<li>\u00dcber wie viele Lokationen, Brandabschnitte, H\u00e4user, etc. soll die Cloud skalieren?<\/li>\n\n\n\n<li>&#8230;<\/li>\n<\/ol>\n\n\n\n<p>Nach Abschluss dieses Workshops erstellen wir eine Architektur und besprechen diese dann mit Ihnen im Rahmen eines weiteren Workshops.<\/p>\n\n\n\n<p>Daran anschlie\u00dfend sollte dann ein Proof-of-Concept (PoC) aufgesetzt werden, an dem die Architektur \u00fcberpr\u00fcft werden kann und der auch als Schulungsmedium dient. Sobald dieser abgenommen ist, kann dann intern der Aufbau f\u00fcr die Zielinstallation beginnen.<\/p>\n\n\n\n<p>In einer dritten Phase wird dann die OpenStack Cloud auf der Zielarchitektur installiert und abgenommen. Nun k\u00f6nnen Lasttest vorgenommen werden und die Betriebshandb\u00fccher geschrieben werden.<\/p>\n\n\n\n<p>Kontaktieren Sie uns per E-Mail und erfahren Sie mehr ! &nbsp;E-Mail: bmueller [at] adartis.de<\/p>\n","protected":false},"excerpt":{"rendered":"<p>Eine private Cloud ist eine Cloudinstallation im eigenen Rechenzentrum auf die lokal zugegriffen wird. adARTIS [&hellip;]<\/p>\n","protected":false},"author":1,"featured_media":0,"parent":0,"menu_order":0,"comment_status":"closed","ping_status":"closed","template":"","meta":{"footnotes":""},"class_list":["post-248","page","type-page","status-publish","hentry"],"_links":{"self":[{"href":"https:\/\/www.adartis.de\/index.php?rest_route=\/wp\/v2\/pages\/248","targetHints":{"allow":["GET"]}}],"collection":[{"href":"https:\/\/www.adartis.de\/index.php?rest_route=\/wp\/v2\/pages"}],"about":[{"href":"https:\/\/www.adartis.de\/index.php?rest_route=\/wp\/v2\/types\/page"}],"author":[{"embeddable":true,"href":"https:\/\/www.adartis.de\/index.php?rest_route=\/wp\/v2\/users\/1"}],"replies":[{"embeddable":true,"href":"https:\/\/www.adartis.de\/index.php?rest_route=%2Fwp%2Fv2%2Fcomments&post=248"}],"version-history":[{"count":1,"href":"https:\/\/www.adartis.de\/index.php?rest_route=\/wp\/v2\/pages\/248\/revisions"}],"predecessor-version":[{"id":249,"href":"https:\/\/www.adartis.de\/index.php?rest_route=\/wp\/v2\/pages\/248\/revisions\/249"}],"wp:attachment":[{"href":"https:\/\/www.adartis.de\/index.php?rest_route=%2Fwp%2Fv2%2Fmedia&parent=248"}],"curies":[{"name":"wp","href":"https:\/\/api.w.org\/{rel}","templated":true}]}}