{"id":250,"date":"2023-06-29T13:19:03","date_gmt":"2023-06-29T13:19:03","guid":{"rendered":"http:\/\/www.adartis.de\/?page_id=250"},"modified":"2023-06-29T13:19:03","modified_gmt":"2023-06-29T13:19:03","slug":"public-cloud-2","status":"publish","type":"page","link":"https:\/\/www.adartis.de\/?page_id=250","title":{"rendered":"Public Cloud"},"content":{"rendered":"\n<p>Was ist eine public Cloud?<\/p>\n\n\n\n<p><br>Im Gegensatz zu einer private Cloud, die Sie in Ihrem eigenen Rechenzentrum hosten, wird eine public Cloud von einem Cloudanbieter wie Amazon, Microsoft oder Google in deren Rechenzentren gehostet.<br>Der Vorteil ist dass diese Cloudanbieter \u00fcber eine gro\u00dfe Anzahl Rechenzentren verf\u00fcgen die \u00fcber den Erdball verteilt sind. Sie bieten fast unbegrenzte Kapazit\u00e4ten und Rechenleistung und k\u00f6nnen diese in Minutenschnelle bereitstellen. Weiterhin bieten sie meistens 2-3 Rechenzentren an einem Standort, so dass HA-Szenarien \u00fcber mehrere Rechenzentren verteilt aufgebaut werden k\u00f6nnen.<br>Der Nachteil ist nat\u00fcrlich dass es sich hier um einen externen Outsourcer handelt und deswegen die Datensicherheit anders zu behandeln ist als im eigenen Rechenzentrum. Das Zauberwort hei\u00dft hier: Verschl\u00fcsselung!<br>Alle Daten m\u00fcssen st\u00e4ndig verschl\u00fcsselt sein damit der Cloudanbieter keinen Zugriff auf die Inhalte hat. Sowohl Data at Rest als auch Data in Transit. Zudem ist zu beachten dass eigene Schl\u00fcssel verwendet werden und wo diese gespeichert werden und wer darauf Zugriff hat. Dies sind alles Dinge die in einem Security-Audit bewertet werden m\u00fcssen. adARTIS unterst\u00fctzt Sie aufgrund unserer langj\u00e4hrigen Erfahrung bei diesen Szenarien.<\/p>\n\n\n\n<p><br>Welche Cloud eignet sich nun f\u00fcr wen und f\u00fcr welches Szenario?<\/p>\n\n\n\n<p>1. Amazon AWS<br>AWS ist der langj\u00e4hrige Platzhirsch mit der meisten Erfahung im Cloudmarkt. Dies spiegelt sich darin wieder dass AWS die meisten Cloudfunktionen bietet und diese auch sehr ausgereift sind. AWS bietet auch ein fertiges Kubernetes unter dem Namen EKS an. Dies kann mit wenigen Klicks installiert werden.<\/p>\n\n\n\n<p>Zudem bietet AWS eine eigene Cloudbeschreibungssprache, Cloudformation. Diese kann zum skriptgesteuerten Aufbau eines Cloudsetups benutzt werden. Alternativ unterst\u00fctzt nat\u00fcrlich auch Terraform AWS.<\/p>\n\n\n\n<p>2. Microsoft Azure<\/p>\n\n\n\n<p>Azure ist das schnell wachsende und beliebte Cloudangebot von Microsoft. Es hat noch nicht ganz so viele Funktionen wie AWS, f\u00fcr 95% aller Anwendungsf\u00e4lle ist es aber genausogut zu gebrauchen. Auch Azure bietet ein fertiges Kubernetes an das mit wenigen Klicks installiert werden kann. Bei Azure hei\u00dft es AKS.<\/p>\n\n\n\n<p>Azure wird vor allem von Kunden mit einer hohen Microsoft-Affinit\u00e4t gew\u00e4hlt.<\/p>\n\n\n\n<p>3. Google GCP<\/p>\n\n\n\n<p>Google bietet ebenso eine public Cloud unter dem Namen Google Cloud Platform (GCP) an. Google wandte sich erst relativ sp\u00e4t den kommer ziellen Nutzern zu und hat daher noch nicht die Marktdurchdringung von AWS oder Azure. Nat\u00fcrlich bietet Google als quasi der Erfinder von Kubernetes auch ein fertiges Angebot: GKE, die Google Kubernetes Engine.<\/p>\n\n\n\n<p>Google versucht als Nachz\u00fcgler preissensitive Kunden anzusprechen.<\/p>\n\n\n\n<p>Generell muss man jedoch sagen, dass bei jedem Cloudangebot vor Auswahl gr\u00fcndlich der Preis der gew\u00e4hlten Konfiguration zu pr\u00fcfen ist. Jeder Cloudanbieter hat eine Reihe von Preisoptionen und auf den ersten Blick ist nicht erkennbar welches wirklich das g\u00fcnstigste Angebot ist.<\/p>\n\n\n\n<p>adARTIS unterst\u00fctzt Sie hier dabei das f\u00fcr Sie passende und g\u00fcnstigste Angebot zu finden.<\/p>\n\n\n\n<p>Kontaktieren Sie uns per E-Mail und erfahren Sie mehr ! &nbsp;E-Mail: bmueller [at] adartis.de<\/p>\n","protected":false},"excerpt":{"rendered":"<p>Was ist eine public Cloud? Im Gegensatz zu einer private Cloud, die Sie in Ihrem [&hellip;]<\/p>\n","protected":false},"author":1,"featured_media":0,"parent":0,"menu_order":0,"comment_status":"closed","ping_status":"closed","template":"","meta":{"footnotes":""},"class_list":["post-250","page","type-page","status-publish","hentry"],"_links":{"self":[{"href":"https:\/\/www.adartis.de\/index.php?rest_route=\/wp\/v2\/pages\/250","targetHints":{"allow":["GET"]}}],"collection":[{"href":"https:\/\/www.adartis.de\/index.php?rest_route=\/wp\/v2\/pages"}],"about":[{"href":"https:\/\/www.adartis.de\/index.php?rest_route=\/wp\/v2\/types\/page"}],"author":[{"embeddable":true,"href":"https:\/\/www.adartis.de\/index.php?rest_route=\/wp\/v2\/users\/1"}],"replies":[{"embeddable":true,"href":"https:\/\/www.adartis.de\/index.php?rest_route=%2Fwp%2Fv2%2Fcomments&post=250"}],"version-history":[{"count":1,"href":"https:\/\/www.adartis.de\/index.php?rest_route=\/wp\/v2\/pages\/250\/revisions"}],"predecessor-version":[{"id":251,"href":"https:\/\/www.adartis.de\/index.php?rest_route=\/wp\/v2\/pages\/250\/revisions\/251"}],"wp:attachment":[{"href":"https:\/\/www.adartis.de\/index.php?rest_route=%2Fwp%2Fv2%2Fmedia&parent=250"}],"curies":[{"name":"wp","href":"https:\/\/api.w.org\/{rel}","templated":true}]}}