{"id":47,"date":"2023-06-26T07:35:38","date_gmt":"2023-06-26T07:35:38","guid":{"rendered":"http:\/\/www.adartis.de\/?page_id=47"},"modified":"2023-06-29T06:27:26","modified_gmt":"2023-06-29T06:27:26","slug":"private-cloud","status":"publish","type":"page","link":"https:\/\/www.adartis.de\/?page_id=47","title":{"rendered":"Microsoft Azure"},"content":{"rendered":"\n<figure class=\"wp-block-image is-resized\"><img loading=\"lazy\" decoding=\"async\" src=\"https:\/\/azure.microsoft.com\/svg\/arrow10.svg?v=c34ccccd7cb5206901b89da17cc492321c45c56283a8d6c1768098aef9936897\" alt=\"\" width=\"86\" height=\"86\"\/><\/figure>\n\n\n\n<p>Erstellen Sie plattform\u00fcbergreifende mobile Erlebnisse<br>Erstellen Sie mit der Cloud verbundene mobile Erlebnisse basierend auf Kundeninteressen und -verhalten mithilfe von KI und kognitiven Diensten.<\/p>\n\n\n\n<p><kbd>KOSTENLOS AUSPROBIEREN<\/kbd><\/p>\n\n\n\n<ul class=\"wp-block-list\">\n<li>Azure App Service<\/li>\n\n\n\n<li>Azure Cognitive Services<\/li>\n\n\n\n<li>Azure Machine Learning<\/li>\n<\/ul>\n\n\n\n<figure class=\"wp-block-image is-resized\"><img loading=\"lazy\" decoding=\"async\" src=\"https:\/\/azure.microsoft.com\/svg\/apps.svg?v=c34ccccd7cb5206901b89da17cc492321c45c56283a8d6c1768098aef9936897\" alt=\"\" width=\"102\" height=\"102\"\/><\/figure>\n\n\n\n<h3 class=\"wp-block-heading\">F\u00f6rdern Sie Innovationen f\u00fcr bestehende und zuk\u00fcnftige Apps<\/h3>\n\n\n\n<p>Stellen Sie virtuelle Windows- und Linux-Maschinen bereit, modernisieren Sie Anwendungen und entwickeln Sie Apps in Cloud- und Hybridumgebungen.<\/p>\n\n\n\n<p><kbd>KOSTENLOS AUSPROBIEREN<\/kbd><\/p>\n\n\n\n<ul class=\"wp-block-list\">\n<li>Azure Virtual Machines<\/li>\n\n\n\n<li>Azure Kubernetes Service (AKS)<\/li>\n\n\n\n<li>Azure Synapse Analytics<\/li>\n<\/ul>\n\n\n\n<figure class=\"wp-block-image is-resized\"><img loading=\"lazy\" decoding=\"async\" src=\"https:\/\/azure.microsoft.com\/svg\/scale13.svg?v=c34ccccd7cb5206901b89da17cc492321c45c56283a8d6c1768098aef9936897\" alt=\"\" width=\"98\" height=\"98\"\/><\/figure>\n\n\n\n<h3 class=\"wp-block-heading\">Erstellen Sie skalierbare Websites und Web-Workloads<\/h3>\n\n\n\n<p>Erstellen Sie skalierbare Websites und Web-Workloads<br>Erstellen Sie Workloads in Azure, die mit Ihrem Unternehmen skalieren, hosten Sie Dom\u00e4nen und stellen Sie sie mit DevOps-Tools schneller bereit.<\/p>\n\n\n\n<p><kbd>KOSTENLOS AUSPROBIEREN<\/kbd><\/p>\n\n\n\n<ul class=\"wp-block-list\">\n<li>Azure-Funktionen<\/li>\n\n\n\n<li>Azure Logic Apps<\/li>\n\n\n\n<li>Azure DevOps<\/li>\n<\/ul>\n\n\n\n<p><\/p>\n","protected":false},"excerpt":{"rendered":"<p>Erstellen Sie plattform\u00fcbergreifende mobile ErlebnisseErstellen Sie mit der Cloud verbundene mobile Erlebnisse basierend auf Kundeninteressen [&hellip;]<\/p>\n","protected":false},"author":1,"featured_media":0,"parent":0,"menu_order":0,"comment_status":"closed","ping_status":"closed","template":"","meta":{"footnotes":""},"class_list":["post-47","page","type-page","status-publish","hentry"],"_links":{"self":[{"href":"https:\/\/www.adartis.de\/index.php?rest_route=\/wp\/v2\/pages\/47","targetHints":{"allow":["GET"]}}],"collection":[{"href":"https:\/\/www.adartis.de\/index.php?rest_route=\/wp\/v2\/pages"}],"about":[{"href":"https:\/\/www.adartis.de\/index.php?rest_route=\/wp\/v2\/types\/page"}],"author":[{"embeddable":true,"href":"https:\/\/www.adartis.de\/index.php?rest_route=\/wp\/v2\/users\/1"}],"replies":[{"embeddable":true,"href":"https:\/\/www.adartis.de\/index.php?rest_route=%2Fwp%2Fv2%2Fcomments&post=47"}],"version-history":[{"count":4,"href":"https:\/\/www.adartis.de\/index.php?rest_route=\/wp\/v2\/pages\/47\/revisions"}],"predecessor-version":[{"id":144,"href":"https:\/\/www.adartis.de\/index.php?rest_route=\/wp\/v2\/pages\/47\/revisions\/144"}],"wp:attachment":[{"href":"https:\/\/www.adartis.de\/index.php?rest_route=%2Fwp%2Fv2%2Fmedia&parent=47"}],"curies":[{"name":"wp","href":"https:\/\/api.w.org\/{rel}","templated":true}]}}