{"id":53,"date":"2023-06-26T07:38:37","date_gmt":"2023-06-26T07:38:37","guid":{"rendered":"http:\/\/www.adartis.de\/?page_id=53"},"modified":"2024-04-24T13:24:59","modified_gmt":"2024-04-24T13:24:59","slug":"public-cloud","status":"publish","type":"page","link":"https:\/\/www.adartis.de\/?page_id=53","title":{"rendered":"Amazon Web Services"},"content":{"rendered":"\n<p><a>Die meisten Funktionen:<\/a><br>AWS verf\u00fcgt \u00fcber deutlich mehr Dienste und mehr Funktionen innerhalb dieser Dienste als jeder andere Cloud-Anbieter \u2013 von Infrastrukturtechnologien wie Rechenleistung, Speicher und Datenbanken bis hin zu neuen Technologien wie maschinellem Lernen und k\u00fcnstlicher Intelligenz, Data Lakes und Analytics sowie Internet of Dinge. Dies macht es schneller, einfacher und kosteng\u00fcnstiger, Ihre vorhandenen Anwendungen in die Cloud zu verlagern und nahezu alles zu erstellen, was Sie sich vorstellen k\u00f6nnen.<br>AWS verf\u00fcgt auch \u00fcber die umfassendste Funktionalit\u00e4t innerhalb dieser Dienste. AWS bietet beispielsweise die gr\u00f6\u00dfte Auswahl an Datenbanken, die speziell f\u00fcr verschiedene Arten von Anwendungen entwickelt wurden, sodass Sie das richtige Tool f\u00fcr die jeweilige Aufgabe ausw\u00e4hlen k\u00f6nnen, um die besten Kosten und die beste Leistung zu erzielen.<\/p>\n\n\n\n<p><a>Gr\u00f6\u00dfte Kunden- und Partnergemeinschaft:<\/a><br>AWS verf\u00fcgt \u00fcber die gr\u00f6\u00dfte und dynamischste Community mit Millionen aktiver Kunden und Zehntausenden Partnern weltweit. Kunden aus praktisch jeder Branche und jeder Gr\u00f6\u00dfe, darunter Start-ups, Unternehmen und Organisationen des \u00f6ffentlichen Sektors, f\u00fchren jeden erdenklichen Anwendungsfall auf AWS aus. Das AWS Partner Network (APN) umfasst Tausende von Systemintegratoren, die sich auf AWS-Services spezialisiert haben, und Zehntausende unabh\u00e4ngige Softwareanbieter (ISVs), die ihre Technologie an AWS anpassen.<\/p>\n\n\n\n<p><a>Am sichersten:<\/a><br>AWS ist als die flexibelste und sicherste Cloud-Computing-Umgebung konzipiert, die heute verf\u00fcgbar ist. Unsere Kerninfrastruktur ist darauf ausgelegt, die Sicherheitsanforderungen des Milit\u00e4rs, globaler Banken und anderer hochsensibler Organisationen zu erf\u00fcllen. Dies wird durch eine umfassende Palette an Cloud-Sicherheitstools mit \u00fcber 300 Sicherheits-, Compliance- und Governance-Diensten und -Funktionen unterst\u00fctzt. AWS unterst\u00fctzt 143 Sicherheitsstandards und Compliance-Zertifizierungen, und alle 117 AWS-Dienste, die Kundendaten speichern, bieten die M\u00f6glichkeit, diese Daten zu verschl\u00fcsseln.<\/p>\n","protected":false},"excerpt":{"rendered":"<p>Die meisten Funktionen:AWS verf\u00fcgt \u00fcber deutlich mehr Dienste und mehr Funktionen innerhalb dieser Dienste als [&hellip;]<\/p>\n","protected":false},"author":1,"featured_media":0,"parent":0,"menu_order":0,"comment_status":"closed","ping_status":"closed","template":"","meta":{"footnotes":""},"class_list":["post-53","page","type-page","status-publish","hentry"],"_links":{"self":[{"href":"https:\/\/www.adartis.de\/index.php?rest_route=\/wp\/v2\/pages\/53","targetHints":{"allow":["GET"]}}],"collection":[{"href":"https:\/\/www.adartis.de\/index.php?rest_route=\/wp\/v2\/pages"}],"about":[{"href":"https:\/\/www.adartis.de\/index.php?rest_route=\/wp\/v2\/types\/page"}],"author":[{"embeddable":true,"href":"https:\/\/www.adartis.de\/index.php?rest_route=\/wp\/v2\/users\/1"}],"replies":[{"embeddable":true,"href":"https:\/\/www.adartis.de\/index.php?rest_route=%2Fwp%2Fv2%2Fcomments&post=53"}],"version-history":[{"count":28,"href":"https:\/\/www.adartis.de\/index.php?rest_route=\/wp\/v2\/pages\/53\/revisions"}],"predecessor-version":[{"id":511,"href":"https:\/\/www.adartis.de\/index.php?rest_route=\/wp\/v2\/pages\/53\/revisions\/511"}],"wp:attachment":[{"href":"https:\/\/www.adartis.de\/index.php?rest_route=%2Fwp%2Fv2%2Fmedia&parent=53"}],"curies":[{"name":"wp","href":"https:\/\/api.w.org\/{rel}","templated":true}]}}