{"id":58,"date":"2023-06-26T07:42:12","date_gmt":"2023-06-26T07:42:12","guid":{"rendered":"http:\/\/www.adartis.de\/?page_id=58"},"modified":"2023-06-29T06:56:08","modified_gmt":"2023-06-29T06:56:08","slug":"hybrid-cloud","status":"publish","type":"page","link":"https:\/\/www.adartis.de\/?page_id=58","title":{"rendered":"Google Cloud"},"content":{"rendered":"\n<ul class=\"wp-block-list\">\n<li class=\"has-medium-font-size\">Treffen Sie intelligentere Entscheidungen mit der f\u00fchrenden Daten-Cloud:<\/li>\n<\/ul>\n\n\n\n<p>F\u00f6rdern Sie die datengesteuerte Transformation mit der Datencloud von Google, die in puncto Geschwindigkeit, Skalierbarkeit und Sicherheit ihresgleichen sucht \u2013 und das alles mit integrierter KI. Brechen Sie Silos in Ihren operativen Transaktionen und Analysedatenspeichern auf, um neue Benutzererlebnisse zu schaffen und Erkenntnisse auf globaler Ebene abzuleiten , wandeln Sie Daten in Entscheidungen in Echtzeit um und erreichen Sie jeden in Ihrem Unternehmen.<\/p>\n\n\n\n<ul class=\"wp-block-list\">\n<li class=\"has-medium-font-size\">F\u00fchren Sie Ihre Apps \u00fcberall aus und erstellen Sie sie:<\/li>\n<\/ul>\n\n\n\n<p>Vermeiden Sie eine Anbieterbindung und beschleunigen Sie die Entwicklung mit dem ersten und einzigen Cloud-Anbieter mit einer klaren Multicloud-Strategie und einer modernen Cloud-Infrastruktur, die im Kern auf Open Source basiert. F\u00fchren Sie jeden Workload an dem f\u00fcr Ihre Anforderungen geeigneten Ort aus und verlassen Sie sich auf ein globales Netzwerk, das den dreifachen Durchsatz bei der H\u00e4lfte der Verwaltungskosten jedes anderen Cloud-Anbieters bietet.<\/p>\n\n\n\n<ul class=\"has-medium-font-size wp-block-list\">\n<li>Ver\u00e4ndern Sie die Art und Weise,wie Ihre Teams zusammenarbeiten:<\/li>\n<\/ul>\n\n\n\n<p>Integrieren Sie Videoanrufe, E-Mail, Chat und Dokumentenzusammenarbeit an einem Ort mit Google Workspace, das bereits mehr als 3 Milliarden Nutzern bekannt und beliebt ist. Google Workspace basiert auf einem Zero-Trust-Ansatz und verf\u00fcgt \u00fcber integrierte Zugriffsverwaltung, Datenschutz, Verschl\u00fcsselung und Endpunktschutz auf Unternehmensniveau.<\/p>\n","protected":false},"excerpt":{"rendered":"<p>F\u00f6rdern Sie die datengesteuerte Transformation mit der Datencloud von Google, die in puncto Geschwindigkeit, Skalierbarkeit [&hellip;]<\/p>\n","protected":false},"author":1,"featured_media":0,"parent":0,"menu_order":0,"comment_status":"closed","ping_status":"closed","template":"","meta":{"footnotes":""},"class_list":["post-58","page","type-page","status-publish","hentry"],"_links":{"self":[{"href":"https:\/\/www.adartis.de\/index.php?rest_route=\/wp\/v2\/pages\/58","targetHints":{"allow":["GET"]}}],"collection":[{"href":"https:\/\/www.adartis.de\/index.php?rest_route=\/wp\/v2\/pages"}],"about":[{"href":"https:\/\/www.adartis.de\/index.php?rest_route=\/wp\/v2\/types\/page"}],"author":[{"embeddable":true,"href":"https:\/\/www.adartis.de\/index.php?rest_route=\/wp\/v2\/users\/1"}],"replies":[{"embeddable":true,"href":"https:\/\/www.adartis.de\/index.php?rest_route=%2Fwp%2Fv2%2Fcomments&post=58"}],"version-history":[{"count":3,"href":"https:\/\/www.adartis.de\/index.php?rest_route=\/wp\/v2\/pages\/58\/revisions"}],"predecessor-version":[{"id":148,"href":"https:\/\/www.adartis.de\/index.php?rest_route=\/wp\/v2\/pages\/58\/revisions\/148"}],"wp:attachment":[{"href":"https:\/\/www.adartis.de\/index.php?rest_route=%2Fwp%2Fv2%2Fmedia&parent=58"}],"curies":[{"name":"wp","href":"https:\/\/api.w.org\/{rel}","templated":true}]}}